{"id":32,"date":"2025-11-04T13:49:18","date_gmt":"2025-11-04T13:49:18","guid":{"rendered":"https:\/\/102851.glr-imd.nl\/?page_id=32"},"modified":"2025-11-13T10:02:56","modified_gmt":"2025-11-13T10:02:56","slug":"water-starter","status":"publish","type":"page","link":"https:\/\/102851.glr-imd.nl\/?page_id=32","title":{"rendered":"Water starter"},"content":{"rendered":"\t\t<div data-elementor-type=\"wp-page\" data-elementor-id=\"32\" class=\"elementor elementor-32\">\n\t\t\t\t<div class=\"elementor-element elementor-element-dfbb0a8 e-flex e-con-boxed e-con e-parent\" data-id=\"dfbb0a8\" data-element_type=\"container\">\n\t\t\t\t\t<div class=\"e-con-inner\">\n\t\t\t\t<div class=\"elementor-element elementor-element-b377db2 elementor-widget elementor-widget-image\" data-id=\"b377db2\" data-element_type=\"widget\" data-widget_type=\"image.default\">\n\t\t\t\t\t\t\t\t\t\t\t\t\t\t\t\t<a href=\"https:\/\/102851.glr-imd.nl\/?page_id=30\">\n\t\t\t\t\t\t\t<img decoding=\"async\" width=\"150\" height=\"150\" src=\"https:\/\/102851.glr-imd.nl\/wp-content\/uploads\/2025\/11\/masterballpng-150x150.png\" class=\"elementor-animation-grow attachment-thumbnail size-thumbnail wp-image-188\" alt=\"\" srcset=\"https:\/\/102851.glr-imd.nl\/wp-content\/uploads\/2025\/11\/masterballpng-150x150.png 150w, https:\/\/102851.glr-imd.nl\/wp-content\/uploads\/2025\/11\/masterballpng-300x300.png 300w, https:\/\/102851.glr-imd.nl\/wp-content\/uploads\/2025\/11\/masterballpng.png 600w\" sizes=\"(max-width: 150px) 100vw, 150px\" \/>\t\t\t\t\t\t\t\t<\/a>\n\t\t\t\t\t\t\t\t\t\t\t\t\t\t\t<\/div>\n\t\t\t\t\t<\/div>\n\t\t\t\t<\/div>\n\t\t<div class=\"elementor-element elementor-element-b570403 e-flex e-con-boxed e-con e-parent\" data-id=\"b570403\" data-element_type=\"container\">\n\t\t\t\t\t<div class=\"e-con-inner\">\n\t\t\t\t<div class=\"elementor-element elementor-element-7bff548 elementor-widget elementor-widget-heading\" data-id=\"7bff548\" data-element_type=\"widget\" data-widget_type=\"heading.default\">\n\t\t\t\t\t<h2 class=\"elementor-heading-title elementor-size-default\"><br>You got squirtle!\n<\/h2>\t\t\t\t<\/div>\n\t\t\t\t<div class=\"elementor-element elementor-element-4000c79 elementor-widget elementor-widget-image\" data-id=\"4000c79\" data-element_type=\"widget\" data-widget_type=\"image.default\">\n\t\t\t\t\t\t\t\t\t\t\t\t\t\t\t<img fetchpriority=\"high\" decoding=\"async\" width=\"640\" height=\"905\" src=\"https:\/\/102851.glr-imd.nl\/wp-content\/uploads\/2025\/11\/Squirtle-PS-724x1024.png\" class=\"attachment-large size-large wp-image-74\" alt=\"\" srcset=\"https:\/\/102851.glr-imd.nl\/wp-content\/uploads\/2025\/11\/Squirtle-PS-724x1024.png 724w, https:\/\/102851.glr-imd.nl\/wp-content\/uploads\/2025\/11\/Squirtle-PS-212x300.png 212w, https:\/\/102851.glr-imd.nl\/wp-content\/uploads\/2025\/11\/Squirtle-PS-768x1086.png 768w, https:\/\/102851.glr-imd.nl\/wp-content\/uploads\/2025\/11\/Squirtle-PS-1086x1536.png 1086w, https:\/\/102851.glr-imd.nl\/wp-content\/uploads\/2025\/11\/Squirtle-PS-1448x2048.png 1448w, https:\/\/102851.glr-imd.nl\/wp-content\/uploads\/2025\/11\/Squirtle-PS-scaled.png 1810w\" sizes=\"(max-width: 640px) 100vw, 640px\" \/>\t\t\t\t\t\t\t\t\t\t\t\t\t\t\t<\/div>\n\t\t\t\t<div class=\"elementor-element elementor-element-6c1cc3d elementor-widget elementor-widget-heading\" data-id=\"6c1cc3d\" data-element_type=\"widget\" data-widget_type=\"heading.default\">\n\t\t\t\t\t<h2 class=\"elementor-heading-title elementor-size-default\">Water-type personalities are introspective, flexible, and emotionally intelligent. If you found yourself in these Pok\u00e9mon, moves, or Trainers, you may just be flowing through life with the soul of a Water-type.<br>\n<br><\/h2>\t\t\t\t<\/div>\n\t\t\t\t\t<\/div>\n\t\t\t\t<\/div>\n\t\t<div class=\"elementor-element elementor-element-efc1a41 e-flex e-con-boxed e-con e-parent\" data-id=\"efc1a41\" data-element_type=\"container\">\n\t\t\t\t\t<div class=\"e-con-inner\">\n\t\t\t\t<div class=\"elementor-element elementor-element-03c8207 elementor-widget elementor-widget-heading\" data-id=\"03c8207\" data-element_type=\"widget\" data-widget_type=\"heading.default\">\n\t\t\t\t\t<h2 class=\"elementor-heading-title elementor-size-default\">Squirtle's evolutions<\/h2>\t\t\t\t<\/div>\n\t\t\t\t\t<\/div>\n\t\t\t\t<\/div>\n\t\t<div class=\"elementor-element elementor-element-28a207b e-flex e-con-boxed e-con e-parent\" data-id=\"28a207b\" data-element_type=\"container\">\n\t\t\t\t\t<div class=\"e-con-inner\">\n\t\t\t\t<div class=\"elementor-element elementor-element-64fcaa8 elementor-arrows-position-inside elementor-pagination-position-outside elementor-widget elementor-widget-image-carousel\" data-id=\"64fcaa8\" data-element_type=\"widget\" data-settings=\"{&quot;navigation&quot;:&quot;both&quot;,&quot;autoplay&quot;:&quot;yes&quot;,&quot;pause_on_hover&quot;:&quot;yes&quot;,&quot;pause_on_interaction&quot;:&quot;yes&quot;,&quot;autoplay_speed&quot;:5000,&quot;infinite&quot;:&quot;yes&quot;,&quot;speed&quot;:500}\" data-widget_type=\"image-carousel.default\">\n\t\t\t\t\t\t\t<div class=\"elementor-image-carousel-wrapper swiper\" role=\"region\" aria-roledescription=\"carousel\" aria-label=\"Image Carousel\" dir=\"ltr\">\n\t\t\t<div class=\"elementor-image-carousel swiper-wrapper\" aria-live=\"off\">\n\t\t\t\t\t\t\t\t<div class=\"swiper-slide\" role=\"group\" aria-roledescription=\"slide\" aria-label=\"1 of 3\"><figure class=\"swiper-slide-inner\"><img decoding=\"async\" class=\"swiper-slide-image\" src=\"https:\/\/102851.glr-imd.nl\/wp-content\/uploads\/2025\/11\/Squirtle-PS-150x150.png\" alt=\"Squirtle PS\" \/><\/figure><\/div><div class=\"swiper-slide\" role=\"group\" aria-roledescription=\"slide\" aria-label=\"2 of 3\"><figure class=\"swiper-slide-inner\"><img decoding=\"async\" class=\"swiper-slide-image\" src=\"https:\/\/102851.glr-imd.nl\/wp-content\/uploads\/2025\/11\/Wartortle-PS-150x150.png\" alt=\"Wartortle PS\" \/><\/figure><\/div><div class=\"swiper-slide\" role=\"group\" aria-roledescription=\"slide\" aria-label=\"3 of 3\"><figure class=\"swiper-slide-inner\"><img decoding=\"async\" class=\"swiper-slide-image\" src=\"https:\/\/102851.glr-imd.nl\/wp-content\/uploads\/2025\/11\/Blastoise-PS-150x150.png\" alt=\"Blastoise PS\" \/><\/figure><\/div>\t\t\t<\/div>\n\t\t\t\t\t\t\t\t\t\t\t\t<div class=\"elementor-swiper-button elementor-swiper-button-prev\" role=\"button\" tabindex=\"0\">\n\t\t\t\t\t\t<svg aria-hidden=\"true\" class=\"e-font-icon-svg e-eicon-chevron-left\" viewBox=\"0 0 1000 1000\" xmlns=\"http:\/\/www.w3.org\/2000\/svg\"><path d=\"M646 125C629 125 613 133 604 142L308 442C296 454 292 471 292 487 292 504 296 521 308 533L604 854C617 867 629 875 646 875 663 875 679 871 692 858 704 846 713 829 713 812 713 796 708 779 692 767L438 487 692 225C700 217 708 204 708 187 708 171 704 154 692 142 675 129 663 125 646 125Z\"><\/path><\/svg>\t\t\t\t\t<\/div>\n\t\t\t\t\t<div class=\"elementor-swiper-button elementor-swiper-button-next\" role=\"button\" tabindex=\"0\">\n\t\t\t\t\t\t<svg aria-hidden=\"true\" class=\"e-font-icon-svg e-eicon-chevron-right\" viewBox=\"0 0 1000 1000\" xmlns=\"http:\/\/www.w3.org\/2000\/svg\"><path d=\"M696 533C708 521 713 504 713 487 713 471 708 454 696 446L400 146C388 133 375 125 354 125 338 125 325 129 313 142 300 154 292 171 292 187 292 204 296 221 308 233L563 492 304 771C292 783 288 800 288 817 288 833 296 850 308 863 321 871 338 875 354 875 371 875 388 867 400 854L696 533Z\"><\/path><\/svg>\t\t\t\t\t<\/div>\n\t\t\t\t\n\t\t\t\t\t\t\t\t\t<div class=\"swiper-pagination\"><\/div>\n\t\t\t\t\t\t\t\t\t<\/div>\n\t\t\t\t\t\t<\/div>\n\t\t\t\t\t<\/div>\n\t\t\t\t<\/div>\n\t\t<div class=\"elementor-element elementor-element-12a86a4 e-flex e-con-boxed e-con e-parent\" data-id=\"12a86a4\" data-element_type=\"container\">\n\t\t\t\t\t<div class=\"e-con-inner\">\n\t\t\t\t<div class=\"elementor-element elementor-element-406a339 elementor-widget elementor-widget-heading\" data-id=\"406a339\" data-element_type=\"widget\" data-widget_type=\"heading.default\">\n\t\t\t\t\t<h2 class=\"elementor-heading-title elementor-size-default\">This water type Pokemon has 2 evolutions, Wartortle and Blastoise.<\/h2>\t\t\t\t<\/div>\n\t\t\t\t\t<\/div>\n\t\t\t\t<\/div>\n\t\t<div class=\"elementor-element elementor-element-5c9433b e-flex e-con-boxed e-con e-parent\" data-id=\"5c9433b\" data-element_type=\"container\">\n\t\t\t\t\t<div class=\"e-con-inner\">\n\t\t\t\t<div class=\"elementor-element elementor-element-c9c596e elementor-widget elementor-widget-heading\" data-id=\"c9c596e\" data-element_type=\"widget\" data-widget_type=\"heading.default\">\n\t\t\t\t\t<h2 class=\"elementor-heading-title elementor-size-default\"> \n <\/h2>\t\t\t\t<\/div>\n\t\t\t\t<div class=\"elementor-element elementor-element-60c20eb elementor-widget elementor-widget-text-editor\" data-id=\"60c20eb\" data-element_type=\"widget\" data-widget_type=\"text-editor.default\">\n\t\t\t\t\t\t\t\t\t<p>Squirtle is a Water-type Pok\u00e9mon, first introduced in Pok\u00e9mon Red and Blue, that evolves into Wartortle and then Blastoise. This &#8220;Tiny Turtle Pok\u00e9mon&#8221; is known for its hard shell, which it uses for defense, and its ability to shoot water from its mouth. It is one of the three starter Pok\u00e9mon available to trainers at the beginning of a Kanto-region journey.<\/p>\t\t\t\t\t\t\t\t<\/div>\n\t\t\t\t\t<\/div>\n\t\t\t\t<\/div>\n\t\t<div class=\"elementor-element elementor-element-c3f6d34 e-flex e-con-boxed e-con e-parent\" data-id=\"c3f6d34\" data-element_type=\"container\">\n\t\t\t\t\t<div class=\"e-con-inner\">\n\t\t<div class=\"elementor-element elementor-element-33adbb6 e-con-full e-flex e-con e-child\" data-id=\"33adbb6\" data-element_type=\"container\">\n\t\t\t\t<div class=\"elementor-element elementor-element-d344f44 elementor-widget elementor-widget-text-editor\" data-id=\"d344f44\" data-element_type=\"widget\" data-widget_type=\"text-editor.default\">\n\t\t\t\t\t\t\t\t\t<p><b>Basic information<br \/><\/b>Type: Water<br \/>Category: Tiny Turtle Pok\u00e9mon<br \/>Height: 0.5 meters (1 ft 8 in)<br \/>Weight: 9.0 kg (19.8 lbs)<br \/>National Pok\u00e9dex Number: #0007<\/p><p><b>Abilities and strengths<br \/><\/b>Ability: Torrent, which boosts the power of its Water-type moves when its health is low.<br \/>Weaknesses: Grass and Electric-type attacks.<br \/>Defensive: Its shell is extremely tough, allowing it to withdraw into it to protect itself from physical attacks. The shell&#8217;s smoothness also helps it swim faster.<\/p>\t\t\t\t\t\t\t\t<\/div>\n\t\t\t\t<\/div>\n\t\t<div class=\"elementor-element elementor-element-50aeaf4 e-con-full e-flex e-con e-child\" data-id=\"50aeaf4\" data-element_type=\"container\">\n\t\t\t\t<div class=\"elementor-element elementor-element-376da61 elementor-widget elementor-widget-text-editor\" data-id=\"376da61\" data-element_type=\"widget\" data-widget_type=\"text-editor.default\">\n\t\t\t\t\t\t\t\t\t<p><b>Evolution<br \/><\/b>Squirtle evolves into Wartortle at level 16.<br \/>Wartortle then evolves into Blastoise at level 36. <br \/><b>Other facts<br \/><\/b>Squirtle is often found in groups, sometimes called &#8220;squads&#8221;.<br \/>It was designed by Atsuko Nishida, who also designed Bulbasaur and Charmander.<br \/>It is a popular starter Pok\u00e9mon known for its friendly nature.<\/p>\t\t\t\t\t\t\t\t<\/div>\n\t\t\t\t<\/div>\n\t\t\t\t\t<\/div>\n\t\t\t\t<\/div>\n\t\t\t\t<\/div>\n\t\t","protected":false},"excerpt":{"rendered":"<p>You got squirtle! Water-type personalities are introspective, flexible, and emotionally intelligent. If you found yourself in these Pok\u00e9mon, moves, or [&hellip;]<\/p>\n","protected":false},"author":1,"featured_media":0,"parent":0,"menu_order":0,"comment_status":"closed","ping_status":"closed","template":"","meta":{"footnotes":""},"class_list":["post-32","page","type-page","status-publish","hentry"],"_links":{"self":[{"href":"https:\/\/102851.glr-imd.nl\/index.php?rest_route=\/wp\/v2\/pages\/32","targetHints":{"allow":["GET"]}}],"collection":[{"href":"https:\/\/102851.glr-imd.nl\/index.php?rest_route=\/wp\/v2\/pages"}],"about":[{"href":"https:\/\/102851.glr-imd.nl\/index.php?rest_route=\/wp\/v2\/types\/page"}],"author":[{"embeddable":true,"href":"https:\/\/102851.glr-imd.nl\/index.php?rest_route=\/wp\/v2\/users\/1"}],"replies":[{"embeddable":true,"href":"https:\/\/102851.glr-imd.nl\/index.php?rest_route=%2Fwp%2Fv2%2Fcomments&post=32"}],"version-history":[{"count":80,"href":"https:\/\/102851.glr-imd.nl\/index.php?rest_route=\/wp\/v2\/pages\/32\/revisions"}],"predecessor-version":[{"id":330,"href":"https:\/\/102851.glr-imd.nl\/index.php?rest_route=\/wp\/v2\/pages\/32\/revisions\/330"}],"wp:attachment":[{"href":"https:\/\/102851.glr-imd.nl\/index.php?rest_route=%2Fwp%2Fv2%2Fmedia&parent=32"}],"curies":[{"name":"wp","href":"https:\/\/api.w.org\/{rel}","templated":true}]}}